{"id":16199,"date":"2024-02-29T18:04:36","date_gmt":"2024-02-29T18:04:36","guid":{"rendered":"https:\/\/emdip.co.rs\/?page_id=16199"},"modified":"2024-04-03T17:23:07","modified_gmt":"2024-04-03T17:23:07","slug":"wood-burning-stoves","status":"publish","type":"page","link":"https:\/\/emdip.co.rs\/sr\/wood-burning-stoves\/","title":{"rendered":"Kamini na \u010dvrsto gorivo"},"content":{"rendered":"\t\t<div data-elementor-type=\"wp-page\" data-elementor-id=\"16199\" class=\"elementor elementor-16199\">\n\t\t\t\t\t\t<section class=\"elementor-section elementor-top-section elementor-element elementor-element-7b8453f elementor-section-boxed elementor-section-height-default elementor-section-height-default wpr-particle-no wpr-jarallax-no wpr-parallax-no wpr-sticky-section-no wpr-column-slider-no wpr-equal-height-no\" data-id=\"7b8453f\" data-element_type=\"section\" data-e-type=\"section\">\n\t\t\t\t\t\t<div class=\"elementor-container elementor-column-gap-default\">\n\t\t\t\t\t<div class=\"elementor-column elementor-col-100 elementor-top-column elementor-element elementor-element-85fa07f\" data-id=\"85fa07f\" data-element_type=\"column\" data-e-type=\"column\">\n\t\t\t<div class=\"elementor-widget-wrap elementor-element-populated\">\n\t\t\t\t\t\t<div class=\"elementor-element elementor-element-11ba3d6 elementor-widget elementor-widget-text-editor\" data-id=\"11ba3d6\" data-element_type=\"widget\" data-e-type=\"widget\" data-widget_type=\"text-editor.default\">\n\t\t\t\t<div class=\"elementor-widget-container\">\n\t\t\t\t\t\t\t\t\t<p>The flame was playing a certain role in our life for centuries. In the past heating by wood was only a protection o<span style=\"color: #0000ff;\">f cold and with the<\/span> time it became a concept of comfort and home atmosphere. Natural fire has a special power &#8211; it brings positive energy, comfort and calming into our homes.<\/p><p>EMDIP Fire-place stoves with their technical fullness, ecology protection and a modern design belong to the highest quality range.<\/p><p>An excellent performance will be reached through three air intake lines: a primary, and a<br \/>secondary intake air. The primary air flows in through the grating of the firebox and it is needed for start combustion. The secondary air flovvs by the door into the firebox and it is needed for the full combustion of the energy and for keeping clean the glass door at the<br \/>same time.<\/p><p>Such execution guarantees an effective combustion and a high usage level of energy (<strong>up to 85 %<\/strong>), as well as clean smoke with-out carbon monoxide (CO). In praxis this means law consumption of energy and smoldering of live coals for the next 6 to 8 hours after starting the fire. This provides continuous heating without new setting the fire.<\/p><p>Wood burning stoves are our main production program and following products from the same branch are boilers, Bio Ethanol heaters as well as pallet stoves which we do produce for our customers. Behind us are 25 years of experience of developing &amp; engineering, pretesting and manufacturing.<\/p><p>Wood burning stoves are made according to two fundamental principles:<\/p><ul><li>Radiant heat stoves &#8211; they give heavy warmth around the stove<\/li><li>Convection stoves &#8211; they distributes the warmth by use and control of air circulation<\/li><\/ul><p>All our models are convection stoves. A great majority of all of the modern stoves are built in line the convection principle today.<\/p><h3>Convection stoves<\/h3><p>A convection stove has an inner stove and an outer shell. The cold air is drawn in at the bottom at the stove and this air is warmed up and sent out as warm air at the top. At the same time the air circulation provides you with a uniform temperature throughout the room. The outer shell at the stove does not become excessively hot which means that the stove<br \/>can be placed closer to flammable materials. Most of our models can be placed just about 25 cm from flammable materials (furniture, curtains, etc.). Customers will find the distances to be kept by mounting In the user\u2019s manual and at the type plate behind at the stove.<\/p><p>We do not comprise when it comes to product quality \u2013 but we seek to get the goods to the consumers in the most effective way. We offer you a wide range of products in an attractive design in a good quality. We attach great importance to the fact that our products have a function which more than covers your needs. Efficiency and consciousness about costs throughout the value chain from production to end customer ensure you the best quality to a favorable price.<\/p><p>EMDIP wood burning stoves are developed and managed to get and join together four\u00a0most important demands at once: <strong>Function &#8211; Quality &#8211; Design &#8211; Price<\/strong>.<\/p><p>All our models meets actual environmental requirements in Europe, as well as corresponding standards and norms for security and function<\/p><h4>CE Norms<\/h4><p>Ecolabel<br \/><strong>EU Standard<\/strong>: EN-13240 * EN-13229<br \/><strong>DE Standard<\/strong>: BImSchV (1. + 2. Stufe) * DIN plus * DIN 18891 * Verordnung M\u00fcnchen<br \/><strong>AT Standard<\/strong>: \u00a7 15 A \u00d6sterreich * 15a B-V6 * 15a B-V6 2015<br \/><strong>CH VKF AEAI<\/strong>: Nr. 22778<\/p><p><strong style=\"letter-spacing: 0em;\">Efficiency<\/strong><span style=\"letter-spacing: 0em;\"> 79,6 \u00f7 85 %<\/span><\/p><p><strong>Nominal effect<\/strong> 5,5 \u00f7 12.5 kW (up to the demand)<br \/><strong>Smoke outlet<\/strong> \u00d8150 \u00f7 \u00d8300 mm \/ top and back side connection<br \/><strong>Heating capacity<\/strong> 30 \u00f7 300 m2<br \/><strong>Weight<\/strong> 70 \u00f7 350 kg<br \/><strong>Distance to flammable wall<\/strong> 25 \u00f7 35cm (back and side)<br \/><strong>Combustion chamber width<\/strong> 30 \u00f7 150 cm<\/p>\t\t\t\t\t\t\t\t<\/div>\n\t\t\t\t<\/div>\n\t\t\t\t\t<\/div>\n\t\t<\/div>\n\t\t\t\t\t<\/div>\n\t\t<\/section>\n\t\t\t\t<section class=\"elementor-section elementor-top-section elementor-element elementor-element-54fa790 elementor-section-boxed elementor-section-height-default elementor-section-height-default wpr-particle-no wpr-jarallax-no wpr-parallax-no wpr-sticky-section-no wpr-column-slider-no wpr-equal-height-no\" data-id=\"54fa790\" data-element_type=\"section\" data-e-type=\"section\">\n\t\t\t\t\t\t<div class=\"elementor-container elementor-column-gap-default\">\n\t\t\t\t\t<div class=\"elementor-column elementor-col-50 elementor-top-column elementor-element elementor-element-96783e4\" data-id=\"96783e4\" data-element_type=\"column\" data-e-type=\"column\">\n\t\t\t<div class=\"elementor-widget-wrap elementor-element-populated\">\n\t\t\t\t\t\t<div class=\"elementor-element elementor-element-ae4f08f elementor-widget elementor-widget-industrium_heading\" data-id=\"ae4f08f\" data-element_type=\"widget\" data-e-type=\"widget\" id=\"hot-hex\" data-widget_type=\"industrium_heading.default\">\n\t\t\t\t<div class=\"elementor-widget-container\">\n\t\t\t\t\t<div class=\"industrium-heading-widget\"><h2 class=\"industrium-heading\"><span class=\"industrium-subheading\">Wood Burning<\/span><span class=\"industrium-heading-content\">HOT HEX <span style=\"color: #0000ff\">[NEW]<\/span><\/span><\/h2><\/div>\t\t\t\t<\/div>\n\t\t\t\t<\/div>\n\t\t\t\t<div class=\"elementor-element elementor-element-d6eda9d elementor-widget elementor-widget-text-editor\" data-id=\"d6eda9d\" data-element_type=\"widget\" data-e-type=\"widget\" data-widget_type=\"text-editor.default\">\n\t\t\t\t<div class=\"elementor-widget-container\">\n\t\t\t\t\t\t\t\t\t<p><a href=\"https:\/\/emdip.co.rs\/wp-content\/uploads\/2024\/02\/HOT-HEX-Certificate-CPR-B-01406-23.pdf\">HOT HEX (Certificate CPR-B-01406-23)<\/a><\/p><p><a href=\"https:\/\/emdip.co.rs\/wp-content\/uploads\/2024\/02\/HOT-HEX-Certificate-of-test-O-B-01290-23.pdf\">HOT HEX (Certificate of test O-B-01290-23)<\/a><\/p><p><span style=\"color: #000000;\">EN 16510-2-1 (ECO Design: EU Commission Regulation 2015\/1185 * Labelling 2015\/1186)<\/span><\/p>\t\t\t\t\t\t\t\t<\/div>\n\t\t\t\t<\/div>\n\t\t\t\t<section class=\"elementor-section elementor-inner-section elementor-element elementor-element-2427e22 elementor-section-boxed elementor-section-height-default elementor-section-height-default wpr-particle-no wpr-jarallax-no wpr-parallax-no wpr-sticky-section-no wpr-column-slider-no wpr-equal-height-no\" data-id=\"2427e22\" data-element_type=\"section\" data-e-type=\"section\">\n\t\t\t\t\t\t<div class=\"elementor-container elementor-column-gap-default\">\n\t\t\t\t\t<div class=\"elementor-column elementor-col-50 elementor-inner-column elementor-element elementor-element-8bf2b85\" data-id=\"8bf2b85\" data-element_type=\"column\" data-e-type=\"column\">\n\t\t\t<div class=\"elementor-widget-wrap elementor-element-populated\">\n\t\t\t\t\t\t<div class=\"elementor-element elementor-element-526ed9f elementor-widget elementor-widget-image\" data-id=\"526ed9f\" data-element_type=\"widget\" data-e-type=\"widget\" data-widget_type=\"image.default\">\n\t\t\t\t<div class=\"elementor-widget-container\">\n\t\t\t\t\t\t\t\t\t\t\t\t\t\t\t\t<a href=\"https:\/\/emdip.co.rs\/wp-content\/uploads\/2024\/02\/label.jpg\" data-elementor-open-lightbox=\"yes\" data-elementor-lightbox-title=\"label\" data-e-action-hash=\"#elementor-action%3Aaction%3Dlightbox%26settings%3DeyJpZCI6MTYxNjEsInVybCI6Imh0dHBzOlwvXC9lbWRpcC5jby5yc1wvd3AtY29udGVudFwvdXBsb2Fkc1wvMjAyNFwvMDJcL2xhYmVsLmpwZyJ9\">\n\t\t\t\t\t\t\t<img fetchpriority=\"high\" decoding=\"async\" width=\"514\" height=\"701\" src=\"https:\/\/emdip.co.rs\/wp-content\/uploads\/2024\/02\/label.jpg\" class=\"attachment-large size-large wp-image-16161\" alt=\"\" srcset=\"https:\/\/emdip.co.rs\/wp-content\/uploads\/2024\/02\/label.jpg 514w, https:\/\/emdip.co.rs\/wp-content\/uploads\/2024\/02\/label-220x300.jpg 220w\" sizes=\"(max-width: 514px) 100vw, 514px\" \/>\t\t\t\t\t\t\t\t<\/a>\n\t\t\t\t\t\t\t\t\t\t\t\t\t\t\t<\/div>\n\t\t\t\t<\/div>\n\t\t\t\t\t<\/div>\n\t\t<\/div>\n\t\t\t\t<div class=\"elementor-column elementor-col-50 elementor-inner-column elementor-element elementor-element-db0c760\" data-id=\"db0c760\" data-element_type=\"column\" data-e-type=\"column\">\n\t\t\t<div class=\"elementor-widget-wrap elementor-element-populated\">\n\t\t\t\t\t\t<div class=\"elementor-element elementor-element-f4ee14f elementor-widget elementor-widget-image\" data-id=\"f4ee14f\" data-element_type=\"widget\" data-e-type=\"widget\" data-widget_type=\"image.default\">\n\t\t\t\t<div class=\"elementor-widget-container\">\n\t\t\t\t\t\t\t\t\t\t\t\t\t\t\t\t<a href=\"https:\/\/emdip.co.rs\/wp-content\/uploads\/2024\/02\/energy.jpg\" data-elementor-open-lightbox=\"yes\" data-elementor-lightbox-title=\"energy\" data-e-action-hash=\"#elementor-action%3Aaction%3Dlightbox%26settings%3DeyJpZCI6MTYxNjAsInVybCI6Imh0dHBzOlwvXC9lbWRpcC5jby5yc1wvd3AtY29udGVudFwvdXBsb2Fkc1wvMjAyNFwvMDJcL2VuZXJneS5qcGcifQ%3D%3D\">\n\t\t\t\t\t\t\t<img decoding=\"async\" width=\"443\" height=\"727\" src=\"https:\/\/emdip.co.rs\/wp-content\/uploads\/2024\/02\/energy.jpg\" class=\"attachment-large size-large wp-image-16160\" alt=\"\" srcset=\"https:\/\/emdip.co.rs\/wp-content\/uploads\/2024\/02\/energy.jpg 443w, https:\/\/emdip.co.rs\/wp-content\/uploads\/2024\/02\/energy-183x300.jpg 183w\" sizes=\"(max-width: 443px) 100vw, 443px\" \/>\t\t\t\t\t\t\t\t<\/a>\n\t\t\t\t\t\t\t\t\t\t\t\t\t\t\t<\/div>\n\t\t\t\t<\/div>\n\t\t\t\t\t<\/div>\n\t\t<\/div>\n\t\t\t\t\t<\/div>\n\t\t<\/section>\n\t\t\t\t\t<\/div>\n\t\t<\/div>\n\t\t\t\t<div class=\"elementor-column elementor-col-50 elementor-top-column elementor-element elementor-element-e888f11\" data-id=\"e888f11\" data-element_type=\"column\" data-e-type=\"column\">\n\t\t\t<div class=\"elementor-widget-wrap elementor-element-populated\">\n\t\t\t\t\t\t<div class=\"elementor-element elementor-element-e0fda85 elementor-widget elementor-widget-image\" data-id=\"e0fda85\" data-element_type=\"widget\" data-e-type=\"widget\" data-widget_type=\"image.default\">\n\t\t\t\t<div class=\"elementor-widget-container\">\n\t\t\t\t\t\t\t\t\t\t\t\t\t\t\t<img decoding=\"async\" width=\"725\" height=\"1024\" src=\"https:\/\/emdip.co.rs\/wp-content\/uploads\/2024\/02\/HOT-HEX_page-0001-725x1024.jpg\" class=\"attachment-large size-large wp-image-16158\" alt=\"\" srcset=\"https:\/\/emdip.co.rs\/wp-content\/uploads\/2024\/02\/HOT-HEX_page-0001-725x1024.jpg 725w, https:\/\/emdip.co.rs\/wp-content\/uploads\/2024\/02\/HOT-HEX_page-0001-212x300.jpg 212w, https:\/\/emdip.co.rs\/wp-content\/uploads\/2024\/02\/HOT-HEX_page-0001-768x1085.jpg 768w, https:\/\/emdip.co.rs\/wp-content\/uploads\/2024\/02\/HOT-HEX_page-0001-1087x1536.jpg 1087w, https:\/\/emdip.co.rs\/wp-content\/uploads\/2024\/02\/HOT-HEX_page-0001.jpg 1241w\" sizes=\"(max-width: 725px) 100vw, 725px\" \/>\t\t\t\t\t\t\t\t\t\t\t\t\t\t\t<\/div>\n\t\t\t\t<\/div>\n\t\t\t\t\t<\/div>\n\t\t<\/div>\n\t\t\t\t\t<\/div>\n\t\t<\/section>\n\t\t\t\t<\/div>\n\t\t","protected":false},"excerpt":{"rendered":"<p>The flame was playing a certain role in our life for centuries. In the past heating by wood was only a protection of cold and with the time it became a concept of comfort and home atmosphere. Natural fire has a&#8230;<\/p>","protected":false},"author":1,"featured_media":0,"parent":0,"menu_order":0,"comment_status":"closed","ping_status":"closed","template":"","meta":{"footnotes":""},"class_list":["post-16199","page","type-page","status-publish","hentry"],"_links":{"self":[{"href":"https:\/\/emdip.co.rs\/sr\/wp-json\/wp\/v2\/pages\/16199","targetHints":{"allow":["GET"]}}],"collection":[{"href":"https:\/\/emdip.co.rs\/sr\/wp-json\/wp\/v2\/pages"}],"about":[{"href":"https:\/\/emdip.co.rs\/sr\/wp-json\/wp\/v2\/types\/page"}],"author":[{"embeddable":true,"href":"https:\/\/emdip.co.rs\/sr\/wp-json\/wp\/v2\/users\/1"}],"replies":[{"embeddable":true,"href":"https:\/\/emdip.co.rs\/sr\/wp-json\/wp\/v2\/comments?post=16199"}],"version-history":[{"count":17,"href":"https:\/\/emdip.co.rs\/sr\/wp-json\/wp\/v2\/pages\/16199\/revisions"}],"predecessor-version":[{"id":16351,"href":"https:\/\/emdip.co.rs\/sr\/wp-json\/wp\/v2\/pages\/16199\/revisions\/16351"}],"wp:attachment":[{"href":"https:\/\/emdip.co.rs\/sr\/wp-json\/wp\/v2\/media?parent=16199"}],"curies":[{"name":"wp","href":"https:\/\/api.w.org\/{rel}","templated":true}]}}